{"id":1074,"date":"2024-07-02T09:52:30","date_gmt":"2024-07-02T09:52:30","guid":{"rendered":"https:\/\/vichy.espace-gold-change.com\/?page_id=1074"},"modified":"2026-03-11T10:55:07","modified_gmt":"2026-03-11T08:55:07","slug":"buying-selling-gold","status":"publish","type":"page","link":"https:\/\/vichy.espace-gold-change.com\/en\/achat-vente-or\/","title":{"rendered":"Buy and Sell Gold in Vichy"},"content":{"rendered":"","protected":false},"excerpt":{"rendered":"<p>Achat vente d&rsquo;or \u00e0 Vichy : meilleurs prix et s\u00e9curit\u00e9 optimale.<\/p>","protected":false},"author":1,"featured_media":2252,"parent":0,"menu_order":0,"comment_status":"closed","ping_status":"closed","template":"","meta":{"_acf_changed":false,"footnotes":""},"class_list":["post-1074","page","type-page","status-publish","has-post-thumbnail","hentry"],"acf":[],"_links":{"self":[{"href":"https:\/\/vichy.espace-gold-change.com\/en\/wp-json\/wp\/v2\/pages\/1074","targetHints":{"allow":["GET"]}}],"collection":[{"href":"https:\/\/vichy.espace-gold-change.com\/en\/wp-json\/wp\/v2\/pages"}],"about":[{"href":"https:\/\/vichy.espace-gold-change.com\/en\/wp-json\/wp\/v2\/types\/page"}],"author":[{"embeddable":true,"href":"https:\/\/vichy.espace-gold-change.com\/en\/wp-json\/wp\/v2\/users\/1"}],"replies":[{"embeddable":true,"href":"https:\/\/vichy.espace-gold-change.com\/en\/wp-json\/wp\/v2\/comments?post=1074"}],"version-history":[{"count":11,"href":"https:\/\/vichy.espace-gold-change.com\/en\/wp-json\/wp\/v2\/pages\/1074\/revisions"}],"predecessor-version":[{"id":4336,"href":"https:\/\/vichy.espace-gold-change.com\/en\/wp-json\/wp\/v2\/pages\/1074\/revisions\/4336"}],"wp:featuredmedia":[{"embeddable":true,"href":"https:\/\/vichy.espace-gold-change.com\/en\/wp-json\/wp\/v2\/media\/2252"}],"wp:attachment":[{"href":"https:\/\/vichy.espace-gold-change.com\/en\/wp-json\/wp\/v2\/media?parent=1074"}],"curies":[{"name":"wp","href":"https:\/\/api.w.org\/{rel}","templated":true}]}}